{"id":4992,"date":"2016-08-19T03:34:09","date_gmt":"2016-08-19T01:34:09","guid":{"rendered":"https:\/\/rhythmixx.novatask.biz\/about-us\/"},"modified":"2024-02-05T14:26:38","modified_gmt":"2024-02-05T13:26:38","slug":"about-us","status":"publish","type":"page","link":"https:\/\/www.rhythmixx.ch\/en\/about-us\/","title":{"rendered":"About us"},"content":{"rendered":"[vc_row full_width=&#8221;stretch_row_content_no_spaces&#8221; content_placement=&#8221;top&#8221; fullwidth=&#8221;1&#8243; css=&#8221;.vc_custom_1634710024416{padding-top: 28vh !important;padding-bottom: 29vh !important;background-image: url(https:\/\/www.rhythmixx.ch\/wp-content\/uploads\/2021\/10\/rhythmixx-ueber-uns-header-flach-01.jpg?id=4437) !important;background-position: center !important;background-repeat: no-repeat !important;background-size: cover !important;}&#8221; el_class=&#8221;about-top&#8221;][vc_column][vc_column_text]\n<h2 style=\"text-align: center;\">WE ARE RHYTHM.<\/h2>\n[\/vc_column_text][\/vc_column][\/vc_row][vc_row css=&#8221;.vc_custom_1606392025634{margin-top: 40px !important;margin-bottom: 40px !important;}&#8221; el_class=&#8221;about-middle&#8221;][vc_column width=&#8221;1\/3&#8243;][\/vc_column][vc_column width=&#8221;1\/3&#8243;][vc_column_text]\n<h2 style=\"text-align: left;\">About us<\/h2>\n<p>&nbsp;<\/p>\n<p style=\"text-align: left;\"><strong>We are pioneers.<\/strong><br \/>\nWe like to do things that no one else has ever done.<\/p>\n<p>&nbsp;<\/p>\n<p style=\"text-align: left;\"><strong>We are forward-looking,<\/strong><br \/>\nbut also true traditionalists, because Paul Schatz discovered the eversion kinematics, on which the rhythmic movement is based, more than 90 years ago (see <a href=\"https:\/\/www.rhythmixx.ch\/en\/about-us\/what-drives-us\/history\/\">\u201cHistory\u201d<\/a>).<\/p>\n<p>&nbsp;<\/p>\n<p style=\"text-align: left;\"><strong>We are dreamers,<\/strong><br \/>\nbut also true realists. However, we do not reduce the concept of \u201creality\u201d to the supposedly \u201creal\u201d.<\/p>\n<p>&nbsp;<\/p>\n<p style=\"text-align: left;\"><strong>We love the wave, not just the particle.<\/strong><br \/>\nWe are not adherents of a materialistic worldview, but think and feel in broader dimensions.<\/p>\n<p>&nbsp;<\/p>\n<p style=\"text-align: left;\"><strong>We act spontaneously and purposefully<\/strong><br \/>\nand always try to take the widest possible point of view and involve all levels of reality and experience.<\/p>\n[\/vc_column_text][\/vc_column][vc_column width=&#8221;1\/3&#8243;][\/vc_column][\/vc_row][vc_row el_class=&#8221;about-end&#8221; css=&#8221;.vc_custom_1536206568278{margin-bottom: 20px !important;}&#8221;][vc_column width=&#8221;1\/2&#8243;][vc_single_image image=&#8221;4848&#8243; img_size=&#8221;full&#8221; alignment=&#8221;center&#8221; css_animation=&#8221;fadeIn&#8221;][\/vc_column][vc_column width=&#8221;1\/2&#8243;][vc_single_image image=&#8221;4851&#8243; img_size=&#8221;full&#8221; alignment=&#8221;center&#8221; css_animation=&#8221;fadeIn&#8221;][\/vc_column][\/vc_row][vc_row css=&#8221;.vc_custom_1535528872099{margin-top: 40px !important;margin-bottom: 60px !important;}&#8221; el_class=&#8221;about-middle&#8221;][vc_column width=&#8221;1\/4&#8243;][\/vc_column][vc_column width=&#8221;1\/2&#8243;][vc_column_text css=&#8221;.vc_custom_1606392692280{margin-bottom: 90px !important;}&#8221;]\n<h3 style=\"text-align: left;\">Tobias Langscheid,<br \/>\nPreserver and Visionary<\/h3>\n<p>&nbsp;<\/p>\n<p style=\"text-align: left;\">Tobias Langscheid is the grandson of Paul Schatz and has made it his life&#8217;s mission to preserve and develop <strong>his grandfather&#8217;s legacy.<\/strong> This commitment has resulted in numerous innovative products, artistic performances and informative events. Tobias heads in Basel the Kuboid GmbH, which manufactures and distributes the Rhythmixx.<\/p>\n<p style=\"text-align: left;\">No one knows more about eversion kinematics and the oloid. And no one can explain the eversion better (for more details on this special movement see <a href=\"https:\/\/www.rhythmixx.ch\/en\/about-us\/what-drives-us\/history\/\">\u201cHistory\u201d<\/a>). Please visit the website <a href=\"https:\/\/www.kuboid.ch\/shop\/en\/\">kuboid.ch<\/a> and dive into the world of \u201ceversed\u201d products!<\/p>\n[\/vc_column_text][\/vc_column][vc_column width=&#8221;1\/4&#8243;][\/vc_column][\/vc_row][vc_row el_class=&#8221;about-end&#8221; css=&#8221;.vc_custom_1536206568278{margin-bottom: 20px !important;}&#8221;][vc_column width=&#8221;1\/2&#8243;][vc_single_image image=&#8221;4850&#8243; img_size=&#8221;full&#8221; alignment=&#8221;center&#8221; css_animation=&#8221;fadeIn&#8221;][\/vc_column][vc_column width=&#8221;1\/2&#8243;][vc_single_image image=&#8221;4849&#8243; img_size=&#8221;full&#8221; alignment=&#8221;center&#8221; css_animation=&#8221;fadeIn&#8221;][\/vc_column][\/vc_row][vc_row css=&#8221;.vc_custom_1535528872099{margin-top: 40px !important;margin-bottom: 60px !important;}&#8221; el_class=&#8221;about-middle&#8221;][vc_column width=&#8221;1\/4&#8243;][\/vc_column][vc_column width=&#8221;1\/2&#8243;][vc_column_text css=&#8221;.vc_custom_1606392706097{margin-bottom: 90px !important;}&#8221;]\n<h3 style=\"text-align: left;\">Burkhard Hickisch,<br \/>\nNutrition innovator and reality coach<\/h3>\n<p>&nbsp;<\/p>\n<p style=\"text-align: left;\">Burkhard Hickisch is a bestselling author in the field of nutrition and has especially made the <strong>green smoothie known in the German-speaking world<\/strong>. In addition, he has a lot of experience with living water and freshly made celery juice. His passion is the exploration of food quality from the perspective of rhythmic life energy. For him, the rhythmizing of water and of liquid foods is a new \u201ccultural technique\u201d. Burkhard is convinced that rhythmizing will soon be practiced in every kitchen and will have a decisive impact on the production process of liquid foods. (If you would like to learn more about Burkhard Hickisch\u2019s work as a nutrition innovator and reality coach, visit his website <a href=\"http:\/\/burkhardhickisch.de\/\">www.burkhard-hickisch.de<\/a>)<\/p>\n[\/vc_column_text][\/vc_column][vc_column width=&#8221;1\/4&#8243;][\/vc_column][\/vc_row][vc_row css=&#8221;.vc_custom_1634710201431{padding-top: 60px !important;padding-bottom: 60px !important;background-image: url(https:\/\/www.rhythmixx.ch\/wp-content\/uploads\/2021\/10\/rhythmixx-ueber-uns-background-trennder.jpg?id=4439) !important;background-position: center !important;background-repeat: no-repeat !important;background-size: cover !important;}&#8221;][vc_column][vc_column_text]\n<p>&nbsp;<\/p>\n<p>&nbsp;<\/p>\n<p>&nbsp;<\/p>\n<p>&nbsp;<\/p>\n<p>&nbsp;<\/p>\n<p>&nbsp;<\/p>\n<p>&nbsp;<\/p>\n<p>&nbsp;<\/p>\n<p>&nbsp;<\/p>\n[\/vc_column_text][\/vc_column][\/vc_row][vc_row css=&#8221;.vc_custom_1604338804571{margin-top: -60px !important;padding-top: 8em !important;padding-bottom: 8em !important;background-color: #79f0b0 !important;}&#8221;][vc_column width=&#8221;1\/6&#8243;][\/vc_column][vc_column width=&#8221;2\/3&#8243;]\t<div class=\"mailchimpform \">\n\t\t\t\t<h3>Sign up for the Rhythmixx newsletter!<\/h3>\n\t\t\t\t\t\t<div class=\"short_text\">Abonnieren Sie unseren Rundbrief! Sie erhalten wertvolle Tipps und Neuigkeiten rund um das Rhythmisieren. Wir informieren Sie in unregelm\u00e4\u00dfigen Abst\u00e4nden u. a. \u00fcber Neuigkeiten aus der Forschung und \u00fcber Erfahrungsberichte von Anwendern.<\/div>\n\t\t\t\t<script>(function() {\n\twindow.mc4wp = window.mc4wp || {\n\t\tlisteners: [],\n\t\tforms: {\n\t\t\ton: function(evt, cb) {\n\t\t\t\twindow.mc4wp.listeners.push(\n\t\t\t\t\t{\n\t\t\t\t\t\tevent   : evt,\n\t\t\t\t\t\tcallback: cb\n\t\t\t\t\t}\n\t\t\t\t);\n\t\t\t}\n\t\t}\n\t}\n})();\n<\/script><!-- Mailchimp for WordPress v4.9.11 - https:\/\/wordpress.org\/plugins\/mailchimp-for-wp\/ --><form id=\"mc4wp-form-1\" class=\"mc4wp-form mc4wp-form-235 mc4wp-ajax\" method=\"post\" data-id=\"235\" data-name=\"Melden Sie sich zum Rhythmixx Newsletter an!\" ><div class=\"mc4wp-form-fields\"><p>\r\n    <label>E-Mail-Adresse<\/label>\r\n    <input type=\"email\" name=\"EMAIL\" placeholder=\"Ihre E-Mail\"\r\n    required=\"\">\r\n<\/p>\r\n\r\n\r\n<p>\r\n\t<input type=\"submit\" value=\"Senden\" \/>\r\n<\/p><\/div><label style=\"display: none !important;\">Leave this field empty if you're human: <input type=\"text\" name=\"_mc4wp_honeypot\" value=\"\" tabindex=\"-1\" autocomplete=\"off\" \/><\/label><input type=\"hidden\" name=\"_mc4wp_timestamp\" value=\"1777726770\" \/><input type=\"hidden\" name=\"_mc4wp_form_id\" value=\"235\" \/><input type=\"hidden\" name=\"_mc4wp_form_element_id\" value=\"mc4wp-form-1\" \/><div class=\"mc4wp-response\"><\/div><\/form><!-- \/ Mailchimp for WordPress Plugin -->\t\t\n\n\t<\/div>\n\t[\/vc_column][vc_column width=&#8221;1\/6&#8243;][\/vc_column][\/vc_row][vc_row][vc_column width=&#8221;1\/12&#8243;][\/vc_column][vc_column width=&#8221;5\/6&#8243;][vc_row_inner][vc_column_inner width=&#8221;1\/3&#8243;][vc_single_image image=&#8221;4742&#8243; img_size=&#8221;full&#8221; onclick=&#8221;custom_link&#8221; link=&#8221;https:\/\/www.rhythmixx.ch\/ueber-uns\/was-uns-antreibt\/&#8221;][vc_column_text]\n<h4 style=\"text-align: left;\"><a href=\"https:\/\/www.rhythmixx.ch\/en\/about-us\/what-drives-us\/\">WHAT DRIVES US<\/a><\/h4>\n<p style=\"text-align: left;\">Rhythmizing is a natural technique that invites us to take on a new view of the world. Working with the Rhythmixx raises our awareness and ultimately leads to more sustainable consumption. Find out more about what drives the Rhythmixx team to develop \u201cproducts for eternity\u201d.<\/p>\n[\/vc_column_text][\/vc_column_inner][vc_column_inner width=&#8221;1\/3&#8243;][vc_single_image image=&#8221;4953&#8243; img_size=&#8221;full&#8221; onclick=&#8221;custom_link&#8221; link=&#8221;https:\/\/www.rhythmixx.ch\/ueber-uns\/was-uns-antreibt\/produktion-der-rhythmixx\/&#8221;][vc_column_text]\n<h4 style=\"text-align: left;\"><a href=\"https:\/\/www.rhythmixx.ch\/en\/about-us\/what-drives-us\/production-of-the-rhythmixx\/\">PRODUCTION OF THE RHYTHMIXX<\/a><\/h4>\n<p style=\"text-align: left;\">We attach utmost importance to valuable and sustainable production, which is why we work with people with whom we have personal contact. Learn more about the design and manufacture of the Rhythmixx.<\/p>\n[\/vc_column_text][\/vc_column_inner][vc_column_inner width=&#8221;1\/3&#8243;][vc_single_image image=&#8221;4794&#8243; img_size=&#8221;full&#8221; onclick=&#8221;custom_link&#8221; link=&#8221;https:\/\/www.rhythmixx.ch\/en\/rhythm-is-energy\/rhythmizing-water\/&#8221;][vc_column_text]\n<h4 style=\"text-align: left;\"><a href=\"https:\/\/www.rhythmixx.ch\/en\/rhythmisieren\/rhythm-is-energy\/rhythmizing-water\/\">THE HISTORY OF RHYTHMIXX<\/a><\/h4>\n<p style=\"text-align: left;\">Rhythmizing with the Rhythmixx creates a \u201ctumbling motion\u201d, which is based on the geometric shape of the oloid. Discover the origins of the Rhythmixx and learn more about the innovative, natural form of movement on which it is based.<\/p>\n[\/vc_column_text][\/vc_column_inner][\/vc_row_inner][\/vc_column][vc_column width=&#8221;1\/12&#8243;][\/vc_column][\/vc_row]\n","protected":false},"excerpt":{"rendered":"<p>[vc_row full_width=&#8221;stretch_row_content_no_spaces&#8221; content_placement=&#8221;top&#8221; fullwidth=&#8221;1&#8243; css=&#8221;.vc_custom_1634710024416{padding-top: 28vh !important;padding-bottom: 29vh !important;background-image: url(https:\/\/www.rhythmixx.ch\/wp-content\/uploads\/2021\/10\/rhythmixx-ueber-uns-header-flach-01.jpg?id=4437) !important;background-position: center !important;background-repeat: no-repeat !important;background-size: cover !important;}&#8221; el_class=&#8221;about-top&#8221;][vc_column][vc_column_text] WE ARE RHYTHM. [\/vc_column_text][\/vc_column][\/vc_row][vc_row css=&#8221;.vc_custom_1606392025634{margin-top: 40px !important;margin-bottom: 40px !important;}&#8221; el_class=&#8221;about-middle&#8221;][vc_column width=&#8221;1\/3&#8243;][\/vc_column][vc_column width=&#8221;1\/3&#8243;][vc_column_text] About us &nbsp; We are pioneers. We like to do &hellip;<\/p>\n","protected":false},"author":1,"featured_media":0,"parent":0,"menu_order":1,"comment_status":"closed","ping_status":"closed","template":"page-templates\/page-template.php","meta":{"footnotes":""},"_links":{"self":[{"href":"https:\/\/www.rhythmixx.ch\/en\/wp-json\/wp\/v2\/pages\/4992"}],"collection":[{"href":"https:\/\/www.rhythmixx.ch\/en\/wp-json\/wp\/v2\/pages"}],"about":[{"href":"https:\/\/www.rhythmixx.ch\/en\/wp-json\/wp\/v2\/types\/page"}],"author":[{"embeddable":true,"href":"https:\/\/www.rhythmixx.ch\/en\/wp-json\/wp\/v2\/users\/1"}],"replies":[{"embeddable":true,"href":"https:\/\/www.rhythmixx.ch\/en\/wp-json\/wp\/v2\/comments?post=4992"}],"version-history":[{"count":7,"href":"https:\/\/www.rhythmixx.ch\/en\/wp-json\/wp\/v2\/pages\/4992\/revisions"}],"predecessor-version":[{"id":5097,"href":"https:\/\/www.rhythmixx.ch\/en\/wp-json\/wp\/v2\/pages\/4992\/revisions\/5097"}],"wp:attachment":[{"href":"https:\/\/www.rhythmixx.ch\/en\/wp-json\/wp\/v2\/media?parent=4992"}],"curies":[{"name":"wp","href":"https:\/\/api.w.org\/{rel}","templated":true}]}}