{"id":4988,"date":"2020-10-19T18:07:58","date_gmt":"2020-10-19T16:07:58","guid":{"rendered":"https:\/\/rhythmixx.novatask.biz\/rhythm-is-energy\/rhythmizing-with-the-rhythmixx\/"},"modified":"2024-09-27T13:57:23","modified_gmt":"2024-09-27T11:57:23","slug":"rhythmizing-with-the-rhythmixx","status":"publish","type":"page","link":"https:\/\/www.rhythmixx.ch\/en\/rhythmisieren\/rhythm-is-energy\/rhythmizing-with-the-rhythmixx\/","title":{"rendered":"Rhythmizing with the Rhythmixx"},"content":{"rendered":"[vc_row full_width=&#8221;stretch_row_content_no_spaces&#8221; css_animation=&#8221;fadeIn&#8221; fullwidth=&#8221;1&#8243; css=&#8221;.vc_custom_1603356466450{margin-bottom: 10px !important;background-position: center !important;background-repeat: no-repeat !important;background-size: cover !important;}&#8221; el_class=&#8221;about-top&#8221;][vc_column][vc_single_image image=&#8221;4762&#8243; img_size=&#8221;full&#8221;][\/vc_column][\/vc_row][vc_row css=&#8221;.vc_custom_1603357121906{margin-top: 60px !important;}&#8221;][vc_column width=&#8221;1\/12&#8243;][\/vc_column][vc_column width=&#8221;5\/6&#8243;][vc_column_text css=&#8221;.vc_custom_1619174509637{margin-bottom: 60px !important;}&#8221;]\n<h2 style=\"text-align: center;\">Rhythmizing with the Rhythmixx<\/h2>\n[\/vc_column_text][\/vc_column][vc_column width=&#8221;1\/12&#8243;][\/vc_column][\/vc_row][vc_row css=&#8221;.vc_custom_1606292032300{margin-top: -40px !important;margin-bottom: 60px !important;}&#8221;][vc_column width=&#8221;7\/12&#8243;][vc_single_image image=&#8221;4765&#8243; img_size=&#8221;full&#8221; css=&#8221;.vc_custom_1606291985751{padding-right: 8% !important;padding-bottom: 8% !important;padding-left: 8% !important;}&#8221;][\/vc_column][vc_column width=&#8221;1\/3&#8243; css=&#8221;.vc_custom_1606292014447{margin-top: -60px !important;}&#8221;][vc_column_text css=&#8221;.vc_custom_1606292478630{padding-top: 50% !important;}&#8221;]\n<h3 style=\"text-align: left;\">How the Rhythmixx operates<\/h3>\n<p><strong>The novelty of the Rhythmixx is the eversion.<\/strong> his specific mode of movement makes it possible to swirl and mix water and other liquid foods in an extreme way, never possible before. When water is strongly moved, it forms a very fine molecular structure and is thus able to absorb the most diverse vibrational influences \u2013 for example of light and nutrients, but also of feelings and thoughts.<\/p>\n<p>Because of this quality, <strong>the Rhythmixx is a \u201cvibration harmonizer\u201d<\/strong> that does not only increase the vibration (and thus the effect) of the rhythmized substances. The Rhythmixx also harmonizes the vibration between the product and the consumer, because manual operation allows that the user&#8217;s personal energy has an effect on the water.[\/vc_column_text][\/vc_column][vc_column width=&#8221;1\/12&#8243;][\/vc_column][\/vc_row][vc_row css=&#8221;.vc_custom_1606292718933{margin-top: -100px !important;margin-bottom: 60px !important;}&#8221;][vc_column][vc_column_text]\n<h4 style=\"text-align: center;\"><strong>Rhythmizing with the Rhythmixx \u2013<br \/>\nA simple hand movement with great effect<\/strong><\/h4>\n[\/vc_column_text][vc_video link=&#8221;https:\/\/www.youtube.com\/watch?v=-nB5nsnUw30&amp;feature=emb_logo&#8221; align=&#8221;center&#8221; css=&#8221;.vc_custom_1603359934549{margin-bottom: 60px !important;padding-top: 5% !important;padding-bottom: 5% !important;background-position: center !important;background-repeat: no-repeat !important;background-size: cover !important;}&#8221;][\/vc_video][\/vc_column][\/vc_row][vc_row css=&#8221;.vc_custom_1606292196569{margin-top: -40px !important;margin-bottom: 20px !important;}&#8221;][vc_column width=&#8221;1\/12&#8243;][\/vc_column][vc_column width=&#8221;1\/3&#8243;][vc_column_text css=&#8221;.vc_custom_1606293485379{padding-top: 20% !important;}&#8221;]\n<h3 style=\"text-align: left;\">The movement sequences during rhythmizing<\/h3>\n<p>When rhythmizing with the Rhythmixx, the large water cycle of the Earth takes place on a small scale. The water is swirled both to the left and to the right. In the reversal of the vortex, a very fine mixing takes place. And not only that: the swirling motion of the eversion accelerates the flow of water, but also slows it down. In addition to the swirling and mixing, there is also a levitation (acceleration) and a gravitation (deceleration).<\/p>\n<p><strong>When rhythmizing with the Rhythmixx, the water goes through its natural rhythm. It consists of:<\/strong><\/p>\n<p><strong>\u2022 Swirling in streams<\/strong><\/p>\n<p><strong>\u2022 Wave motion in rivers and oceans<\/strong><\/p>\n<p><strong>\u2022 Evaporation with cloud formation (levitation)<\/strong><\/p>\n<p><strong>\u2022 Rainfall and infiltration into the groundwater (gravitation)<\/strong>[\/vc_column_text][\/vc_column][vc_column width=&#8221;7\/12&#8243;][vc_single_image image=&#8221;4767&#8243; img_size=&#8221;full&#8221; css=&#8221;.vc_custom_1603361894828{padding-top: 8% !important;padding-right: 8% !important;padding-bottom: 8% !important;padding-left: 8% !important;}&#8221;][\/vc_column][\/vc_row][vc_row css=&#8221;.vc_custom_1603361909103{margin-top: 40px !important;margin-bottom: 60px !important;}&#8221;][vc_column][vc_column_text]\n<h4 style=\"text-align: center;\">In the following animation, the complex movement sequences during rhythmizing are vividly illustrated.<\/h4>\n[\/vc_column_text][vc_video link=&#8221;https:\/\/www.youtube.com\/watch?v=H5Ikfn8gxLQ&#8221; align=&#8221;center&#8221; css=&#8221;.vc_custom_1606292128342{margin-bottom: 60px !important;padding-top: 5% !important;padding-bottom: 5% !important;background-position: center !important;background-repeat: no-repeat !important;background-size: cover !important;}&#8221;][\/vc_video][\/vc_column][\/vc_row][vc_row css=&#8221;.vc_custom_1606293529372{margin-top: -40px !important;margin-bottom: 60px !important;}&#8221;][vc_column width=&#8221;7\/12&#8243;][vc_single_image image=&#8221;5364&#8243; img_size=&#8221;full&#8221; css=&#8221;.vc_custom_1727436915352{margin-top: 45px !important;}&#8221;][\/vc_column][vc_column width=&#8221;1\/3&#8243;][vc_column_text]\n<h3 style=\"text-align: left;\">The Cosmic Rhythm<\/h3>\n<p>Right at the beginning of our rhythm research with the Rhythmixx we discovered that rhythmizing is itself also subject to rhythm. In other words: It is essential how fast and how long we rhythmize!<\/p>\n<p><strong>The best result is achieved with 72 rotations in one minute <\/strong>(or correspondingly 54 rotations in 45 seconds, 36 rotations in 30 seconds, 18 rotations in 15 seconds).<\/p>\n<p>We were delighted to see that the rhythm of rhythmizing is embedded in cosmic rhythms. Life is alive because it vibrates in a universal rhythm that pervades all areas of life and connects them to a world of gross and subtle experience.<\/p>\n<p>In order to manually achieve the right number of rotations, it is advisable <strong>to play music with the right rhythm and length during the process of rhythmizing.<\/strong>[\/vc_column_text][\/vc_column][vc_column width=&#8221;1\/12&#8243;][\/vc_column][\/vc_row][vc_row css=&#8221;.vc_custom_1606386239947{background-color: #2b3268 !important;}&#8221;][vc_column][vc_column_text]\u00a0[\/vc_column_text][vc_row_inner][vc_column_inner width=&#8221;1\/6&#8243;][\/vc_column_inner][vc_column_inner width=&#8221;2\/3&#8243;][vc_column_text]\n<h3><\/h3>\n<h3 style=\"text-align: center;\"><span style=\"color: #ffffff;\">Musical rhythmizing aid<\/span><\/h3>\n<p style=\"text-align: center;\"><span style=\"color: #ffffff;\">The following song has a beat of 72 rotations per minute. To have the best result, please play this song while rhythmizing. <\/span><\/p>\n[\/vc_column_text][vc_column_text]\n<p style=\"text-align: center;\"><strong><div class=\"sc_player_container1\"><input type=\"button\" id=\"btnplay_69f3b76c646987.09160194\" class=\"myButton_play\" onClick=\"play_mp3('play','69f3b76c646987.09160194','https:\/\/www.rhythmixx.ch\/wp-content\/uploads\/2021\/02\/rhythmixxong_01.mp3','80','false');show_hide('play','69f3b76c646987.09160194');\" \/><input type=\"button\"  id=\"btnstop_69f3b76c646987.09160194\" style=\"display:none\" class=\"myButton_stop\" onClick=\"play_mp3('stop','69f3b76c646987.09160194','','80','false');show_hide('stop','69f3b76c646987.09160194');\" \/><div id=\"sm2-container\"><!-- flash movie ends up here --><\/div><\/div><\/strong><\/p>\n[\/vc_column_text][\/vc_column_inner][vc_column_inner width=&#8221;1\/6&#8243;][\/vc_column_inner][\/vc_row_inner][vc_column_text][\/vc_column_text][\/vc_column][\/vc_row][vc_row css=&#8221;.vc_custom_1603357010655{margin-top: 40px !important;margin-bottom: 60px !important;}&#8221;][vc_column width=&#8221;1\/12&#8243;][\/vc_column][vc_column width=&#8221;3\/12&#8243;][vc_column_text css=&#8221;.vc_custom_1606386125537{padding-top: 50% !important;}&#8221;]\n<h3 style=\"text-align: left;\">Rhythmisches Mischen<\/h3>\n<p>Mit der Rhythmixx lassen sich nicht nur Fl\u00fcssigkeiten rhythmisieren, sondern generell verschiedene Substanzen fein und dauerhaft miteinander verbinden. Dies ist besonders interessant f\u00fcr die Herstellung von Produkten, wie z.B. Mehle, \u00d6le, Tinkturen, Cremes und Shampoos, aber auch Wasch- und Reinigungsmitteln und L\u00f6sungen aller Art (mehr dazu siehe <a href=\"https:\/\/www.rhythmixx.ch\/rhythmisieren\/anwendung\/\">Anwendungen<\/a>). Folgende Aggregatzust\u00e4nde lassen sich mit der Rhythmixx miteinander kombinieren:<\/p>\n<h4>\u2022 fest und fest<\/h4>\n<h4>\u2022 fest und fl\u00fcssig<\/h4>\n<h4>\u2022 fl\u00fcssig und fl\u00fcssig<\/h4>\n<h4>\u2022 fl\u00fcssig und gasf\u00f6rmig<\/h4>\n<h4>\u2022 gasf\u00f6rmig und gasf\u00f6rmig<\/h4>\n[\/vc_column_text][\/vc_column][vc_column width=&#8221;4\/6&#8243;][vc_single_image image=&#8221;4771&#8243; img_size=&#8221;full&#8221; css=&#8221;.vc_custom_1603361945024{padding-top: 8% !important;padding-right: 8% !important;padding-bottom: 8% !important;padding-left: 8% !important;}&#8221;][\/vc_column][\/vc_row][vc_row css=&#8221;.vc_custom_1613501723032{margin-top: 40px !important;margin-bottom: 100px !important;}&#8221;][vc_column width=&#8221;7\/12&#8243;][vc_single_image image=&#8221;4938&#8243; img_size=&#8221;full&#8221;][\/vc_column][vc_column width=&#8221;1\/3&#8243;][vc_column_text css=&#8221;.vc_custom_1613501764413{padding-top: 50% !important;}&#8221;]\n<h3 style=\"text-align: left;\">Olive oil before and after rhythmizing<\/h3>\n<p>The two pictures shown here are part of a test series (spagyric crystal analysis) that we had carried out in 2020 with Dr. Wilhelm H\u00f6fer at Wasserstudio Bodensee. They show very nicely the effect that rhythmizing with the Rhythmixx has on the structure of the olive oil.<\/p>\n<p><strong>Left:<\/strong><br \/>\nThe crystal structure of untreated olive oil<\/p>\n<p><strong>Right:<\/strong><br \/>\nThe crystal structure of olive oil after rhythmizing[\/vc_column_text][\/vc_column][vc_column width=&#8221;1\/12&#8243;][\/vc_column][\/vc_row][vc_row css=&#8221;.vc_custom_1604568413986{margin-bottom: 60px !important;padding-top: 8em !important;padding-bottom: 8em !important;background-color: #79f0b0 !important;}&#8221;][vc_column width=&#8221;1\/6&#8243;][\/vc_column][vc_column width=&#8221;2\/3&#8243;]\t<div class=\"mailchimpform \">\n\t\t\t\t<h3>Sign up for the Rhythmixx newsletter!<\/h3>\n\t\t\t\t\t\t<div class=\"short_text\">Abonnieren Sie unseren Rundbrief! Sie erhalten wertvolle Tipps und Neuigkeiten rund um das Rhythmisieren. Wir informieren Sie in unregelm\u00e4\u00dfigen Abst\u00e4nden u. a. \u00fcber Neuigkeiten aus der Forschung und \u00fcber Erfahrungsberichte von Anwendern.<\/div>\n\t\t\t\t<script>(function() {\n\twindow.mc4wp = window.mc4wp || {\n\t\tlisteners: [],\n\t\tforms: {\n\t\t\ton: function(evt, cb) {\n\t\t\t\twindow.mc4wp.listeners.push(\n\t\t\t\t\t{\n\t\t\t\t\t\tevent   : evt,\n\t\t\t\t\t\tcallback: cb\n\t\t\t\t\t}\n\t\t\t\t);\n\t\t\t}\n\t\t}\n\t}\n})();\n<\/script><!-- Mailchimp for WordPress v4.9.11 - https:\/\/wordpress.org\/plugins\/mailchimp-for-wp\/ --><form id=\"mc4wp-form-1\" class=\"mc4wp-form mc4wp-form-235 mc4wp-ajax\" method=\"post\" data-id=\"235\" data-name=\"Melden Sie sich zum Rhythmixx Newsletter an!\" ><div class=\"mc4wp-form-fields\"><p>\r\n    <label>E-Mail-Adresse<\/label>\r\n    <input type=\"email\" name=\"EMAIL\" placeholder=\"Ihre E-Mail\"\r\n    required=\"\">\r\n<\/p>\r\n\r\n\r\n<p>\r\n\t<input type=\"submit\" value=\"Senden\" \/>\r\n<\/p><\/div><label style=\"display: none !important;\">Leave this field empty if you're human: <input type=\"text\" name=\"_mc4wp_honeypot\" value=\"\" tabindex=\"-1\" autocomplete=\"off\" \/><\/label><input type=\"hidden\" name=\"_mc4wp_timestamp\" value=\"1777579884\" \/><input type=\"hidden\" name=\"_mc4wp_form_id\" value=\"235\" \/><input type=\"hidden\" name=\"_mc4wp_form_element_id\" value=\"mc4wp-form-1\" \/><div class=\"mc4wp-response\"><\/div><\/form><!-- \/ Mailchimp for WordPress Plugin -->\t\t\n\n\t<\/div>\n\t[\/vc_column][vc_column width=&#8221;1\/6&#8243;][\/vc_column][\/vc_row][vc_row][vc_column width=&#8221;1\/12&#8243;][\/vc_column][vc_column width=&#8221;5\/6&#8243;][vc_row_inner][vc_column_inner width=&#8221;1\/3&#8243;][vc_single_image image=&#8221;4742&#8243; img_size=&#8221;full&#8221; onclick=&#8221;custom_link&#8221; link=&#8221;https:\/\/www.rhythmixx.ch\/rhythmisieren\/rhythmus-ist-energie\/natuerliche-bewegung\/&#8221;][vc_column_text]\n<h4><a href=\"https:\/\/www.rhythmixx.ch\/rhythmisieren\/rhythmus-ist-energie\/natuerliche-bewegung\/\">WARUM RHYTHMISIEREN?<\/a><\/h4>\n<p>Folgen Sie uns zu einem kleinen Crash-Kurs in Wirklichkeitsphilosophie, entdecken Sie, warum Sie sich manchmal im falschen Rhythmus befinden und lernen Sie verstehen, wie Sie wieder in den richtigen Rhythmus kommen.[\/vc_column_text][\/vc_column_inner][vc_column_inner width=&#8221;1\/3&#8243;][vc_single_image image=&#8221;4740&#8243; img_size=&#8221;full&#8221; onclick=&#8221;custom_link&#8221; link=&#8221;https:\/\/www.rhythmixx.ch\/rhythmisieren\/rhythmus-ist-energie\/wasser-rhythmisieren\/&#8221;][vc_column_text]\n<h4><a href=\"https:\/\/www.rhythmixx.ch\/rhythmisieren\/rhythmus-ist-energie\/wasser-rhythmisieren\/\">WASSER RHYTHMISIEREN<\/a><\/h4>\n<p>Hier erfahren Sie, warum Sie Ihr Trinkwasser rhythmisieren sollten. Renaturiertes Wasser schmeckt nicht nur besser, sondern liefert Ihnen auch mehr Energie und st\u00e4rkt dadurch Ihre Vitalit\u00e4t.[\/vc_column_text][\/vc_column_inner][vc_column_inner width=&#8221;1\/3&#8243;][vc_single_image image=&#8221;4910&#8243; img_size=&#8221;full&#8221; onclick=&#8221;custom_link&#8221; link=&#8221;https:\/\/www.rhythmixx.ch\/rhythmisieren\/rhythmus-ist-energie\/natuerliche-bewegung\/&#8221;][vc_column_text]\n<h4><a href=\"https:\/\/www.rhythmixx.ch\/rhythmisieren\/rhythmus-ist-energie\/natuerliche-bewegung\/\">RHYTHMUS ALS NAT\u00dcRLICHE BEWEGUNG<\/a><\/h4>\n<p>Der besondere Bewegungsablauf der Rhythmixx ahmt die Bewegungsformen des Wassers in der Natur nach. Entdecken Sie, wie die Rhythmixx Ihnen hilft, sich wieder mit der Natur zu verbinden.[\/vc_column_text][\/vc_column_inner][\/vc_row_inner][\/vc_column][vc_column width=&#8221;1\/12&#8243;][\/vc_column][\/vc_row]\n","protected":false},"excerpt":{"rendered":"<p>[vc_row full_width=&#8221;stretch_row_content_no_spaces&#8221; css_animation=&#8221;fadeIn&#8221; fullwidth=&#8221;1&#8243; css=&#8221;.vc_custom_1603356466450{margin-bottom: 10px !important;background-position: center !important;background-repeat: no-repeat !important;background-size: cover !important;}&#8221; el_class=&#8221;about-top&#8221;][vc_column][vc_single_image image=&#8221;4762&#8243; img_size=&#8221;full&#8221;][\/vc_column][\/vc_row][vc_row css=&#8221;.vc_custom_1603357121906{margin-top: 60px !important;}&#8221;][vc_column width=&#8221;1\/12&#8243;][\/vc_column][vc_column width=&#8221;5\/6&#8243;][vc_column_text css=&#8221;.vc_custom_1619174509637{margin-bottom: 60px !important;}&#8221;] Rhythmizing with the Rhythmixx [\/vc_column_text][\/vc_column][vc_column width=&#8221;1\/12&#8243;][\/vc_column][\/vc_row][vc_row css=&#8221;.vc_custom_1606292032300{margin-top: -40px !important;margin-bottom: 60px !important;}&#8221;][vc_column width=&#8221;7\/12&#8243;][vc_single_image image=&#8221;4765&#8243; img_size=&#8221;full&#8221; css=&#8221;.vc_custom_1606291985751{padding-right: 8% &hellip;<\/p>\n","protected":false},"author":1,"featured_media":0,"parent":4976,"menu_order":4,"comment_status":"closed","ping_status":"closed","template":"page-templates\/page-template.php","meta":{"footnotes":""},"_links":{"self":[{"href":"https:\/\/www.rhythmixx.ch\/en\/wp-json\/wp\/v2\/pages\/4988"}],"collection":[{"href":"https:\/\/www.rhythmixx.ch\/en\/wp-json\/wp\/v2\/pages"}],"about":[{"href":"https:\/\/www.rhythmixx.ch\/en\/wp-json\/wp\/v2\/types\/page"}],"author":[{"embeddable":true,"href":"https:\/\/www.rhythmixx.ch\/en\/wp-json\/wp\/v2\/users\/1"}],"replies":[{"embeddable":true,"href":"https:\/\/www.rhythmixx.ch\/en\/wp-json\/wp\/v2\/comments?post=4988"}],"version-history":[{"count":38,"href":"https:\/\/www.rhythmixx.ch\/en\/wp-json\/wp\/v2\/pages\/4988\/revisions"}],"predecessor-version":[{"id":5391,"href":"https:\/\/www.rhythmixx.ch\/en\/wp-json\/wp\/v2\/pages\/4988\/revisions\/5391"}],"up":[{"embeddable":true,"href":"https:\/\/www.rhythmixx.ch\/en\/wp-json\/wp\/v2\/pages\/4976"}],"wp:attachment":[{"href":"https:\/\/www.rhythmixx.ch\/en\/wp-json\/wp\/v2\/media?parent=4988"}],"curies":[{"name":"wp","href":"https:\/\/api.w.org\/{rel}","templated":true}]}}