{"id":4984,"date":"2020-10-15T16:30:23","date_gmt":"2020-10-15T14:30:23","guid":{"rendered":"https:\/\/rhythmixx.novatask.biz\/rhythm-is-energy\/rhythmizing-water\/"},"modified":"2025-11-06T10:45:38","modified_gmt":"2025-11-06T09:45:38","slug":"rhythmizing-water","status":"publish","type":"page","link":"https:\/\/www.rhythmixx.ch\/en\/rhythmisieren\/rhythm-is-energy\/rhythmizing-water\/","title":{"rendered":"Rhythmizing water"},"content":{"rendered":"[vc_row full_width=&#8221;stretch_row_content_no_spaces&#8221; fullwidth=&#8221;1&#8243; css=&#8221;.vc_custom_1533093805104{padding-bottom: 10px !important;background-position: center !important;background-repeat: no-repeat !important;background-size: cover !important;}&#8221; el_class=&#8221;about-top&#8221;][vc_column][vc_single_image image=&#8221;4758&#8243; img_size=&#8221;full&#8221; css_animation=&#8221;fadeIn&#8221;][\/vc_column][\/vc_row][vc_row css=&#8221;.vc_custom_1607002304202{margin-bottom: 20px !important;}&#8221; el_class=&#8221;about-middle&#8221;][vc_column width=&#8221;1\/6&#8243;][\/vc_column][vc_column width=&#8221;2\/3&#8243;][vc_column_text]\n<h2 style=\"text-align: left;\">Rhythmizing water<\/h2>\n<p>&nbsp;<\/p>\n<h3 style=\"text-align: left;\">Why you should rhythmise tap water<\/h3>\n<p style=\"text-align: left;\">Water is more than just a liquid \u2013 it is an element full of life and movement. It originally bubbles up as fresh spring water from mountains and soil, full of dynamism and natural energy. But in our modern world, it is forced through long pipes and narrow containers, causing it to lose its original freshness and invigorating power.  <\/p>\n<p style=\"text-align: left;\">It makes ecological and economic sense to drink tap water directly instead of buying bottled water in plastic or glass bottles. <strong>Rhythmixx<\/strong> restores your tap water&#8217;s natural freshness and vitality, making it a real alternative. The difference is not only noticeable in the taste: many people immediately report a better effect on the body. Drink rhythmicised water and feel the difference in your general well-being.  <\/p>\n<p>&nbsp;<\/p>\n<h3 style=\"text-align: left;\">Rediscover tap water: refreshing and invigorating<\/h3>\n<p style=\"text-align: left;\">Many people who have directly compared untreated and rhythmic tap water notice the difference immediately. Water treated by Rhythmixx simply feels more alive. <\/p>\n<p style=\"text-align: left;\">We are researching this difference in quality between water and other liquids using various methods. To understand the phenomenon, we commissioned laboratories to examine spagyric drop images and drop images according to Prof. Bernd Kr\u00f6plin of untreated and treated water. These visual comparisons clearly show the improved structures of the water.  <\/p>\n[\/vc_column_text][vc_column_text css=&#8221;.vc_custom_1760093447979{margin-bottom: 20px !important;}&#8221;]\n<h4 style=\"text-align: center;\">Visual comparison of water qualities:<\/h4>\n[\/vc_column_text][\/vc_column][vc_column width=&#8221;1\/6&#8243;][\/vc_column][\/vc_row][vc_row css=&#8221;.vc_custom_1607002280914{margin-bottom: 60px !important;}&#8221; el_class=&#8221;about-middle&#8221;][vc_column width=&#8221;1\/6&#8243;][\/vc_column][vc_column width=&#8221;1\/3&#8243;][vc_single_image image=&#8221;5520&#8243; img_size=&#8221;full&#8221; onclick=&#8221;link_image&#8221;][vc_column_text css=&#8221;.vc_custom_1760095851602{margin-bottom: 20px !important;}&#8221;]\n<p style=\"text-align: center;\">Tap water Basel , untreated<\/p>\n[\/vc_column_text][\/vc_column][vc_column width=&#8221;1\/3&#8243;][vc_single_image image=&#8221;5522&#8243; img_size=&#8221;full&#8221; onclick=&#8221;link_image&#8221;][vc_column_text css=&#8221;.vc_custom_1760095861808{margin-bottom: 20px !important;}&#8221;]\n<p style=\"text-align: center;\">Tap water Basel, rhythmicised one minute, Berthold Heusel<\/p>\n[\/vc_column_text][\/vc_column][vc_column width=&#8221;1\/6&#8243;][\/vc_column][\/vc_row][vc_row css=&#8221;.vc_custom_1607002280914{margin-bottom: 60px !important;}&#8221; el_class=&#8221;about-middle&#8221;][vc_column width=&#8221;1\/6&#8243;][\/vc_column][vc_column width=&#8221;1\/3&#8243;][vc_single_image image=&#8221;5529&#8243; img_size=&#8221;full&#8221; onclick=&#8221;link_image&#8221;][vc_column_text css=&#8221;.vc_custom_1760095869304{margin-bottom: 20px !important;}&#8221;]\n<p style=\"text-align: center;\">Tap water \u00dcberlingen, untreated<\/p>\n[\/vc_column_text][\/vc_column][vc_column width=&#8221;1\/3&#8243;][vc_single_image image=&#8221;5527&#8243; img_size=&#8221;full&#8221; onclick=&#8221;link_image&#8221;][vc_column_text css=&#8221;.vc_custom_1760095878719{margin-bottom: 20px !important;}&#8221;]\n<p style=\"text-align: center;\">Tap water rhythmicised, 30 Sek. Wilfried H\u00f6fer <\/p>\n[\/vc_column_text][\/vc_column][vc_column width=&#8221;1\/6&#8243;][\/vc_column][\/vc_row][vc_row css=&#8221;.vc_custom_1607002280914{margin-bottom: 60px !important;}&#8221; el_class=&#8221;about-middle&#8221;][vc_column width=&#8221;1\/6&#8243;][\/vc_column][vc_column width=&#8221;1\/3&#8243;][vc_single_image image=&#8221;5516&#8243; img_size=&#8221;full&#8221; onclick=&#8221;link_image&#8221;][vc_column_text css=&#8221;.vc_custom_1760095891911{margin-bottom: 20px !important;}&#8221;]\n<p style=\"text-align: center;\">Mineral water San Pellegrino untreated<\/p>\n[\/vc_column_text][\/vc_column][vc_column width=&#8221;1\/3&#8243;][vc_single_image image=&#8221;5518&#8243; img_size=&#8221;full&#8221; onclick=&#8221;link_image&#8221;][vc_column_text css=&#8221;.vc_custom_1760095901656{margin-bottom: 20px !important;}&#8221;]\n<p style=\"text-align: center;\">Rhythmicised one minute , Michael Mordo<\/p>\n[\/vc_column_text][\/vc_column][vc_column width=&#8221;1\/6&#8243;][\/vc_column][\/vc_row][vc_row css=&#8221;.vc_custom_1535528872099{margin-top: 40px !important;margin-bottom: 60px !important;}&#8221; el_class=&#8221;about-middle&#8221;][vc_column width=&#8221;1\/6&#8243;][\/vc_column][vc_column width=&#8221;2\/3&#8243;][vc_column_text]<strong>Improved dough quality<\/strong><br \/>\nRhythmised water also produces impressive results in food production. When used for sourdough or yeast dough, the lactic acid bacteria react with a significantly stronger and more positive development. The result is bread dough of improved quality.  <\/p>\n<p><strong>Cell biological effect<\/strong><br \/>\nIn collaboration with Prof. Dr. Peter Dartsch&#8217;s cell biology institute, we have investigated the effect of rhythmic water on human cells. The results show that, depending on the duration of treatment and frequency of the Rhythmixx, significant differences in cell growth and activity can be observed. We suspect that the rhythmicised water has increased bioavailability. This positive effect has been confirmed by our international customers since 2018.   <\/p>\n<p>The reports by Dr Peter Dartsch can be requested from Kuboid GmbH.<br \/>\n<a href=\"https:\/\/www.dartsch-scientific.com\" target=\"_blank\" rel=\"noopener\">www.dartsch-scientific.com<\/a><\/p>\n<p>Literatur: Ph\u00f6nix aus der Asche, Dr. Wilhelm H\u00f6fer, Prof. Dr. Bernd Kr\u00f6plin: Die Geheimnisse des Wassers, AT-Verlag[\/vc_column_text][\/vc_column][vc_column width=&#8221;1\/6&#8243;][\/vc_column][\/vc_row][vc_row css=&#8221;.vc_custom_1605690671701{background-position: center !important;background-repeat: no-repeat !important;background-size: cover !important;}&#8221;][vc_column][vc_column_text css=&#8221;.vc_custom_1613499086131{margin-bottom: 20px !important;}&#8221;]\n<h3 style=\"text-align: center;\">Rhythmizing water with the Rhythmixx<\/h3>\n[\/vc_column_text][vc_column_text css=&#8221;.vc_custom_1634793852115{background-position: center !important;background-repeat: no-repeat !important;background-size: cover !important;}&#8221;]\n<div style=\"width: 1400px;\" class=\"wp-video\"><!--[if lt IE 9]><script>document.createElement('video');<\/script><![endif]-->\n<video class=\"wp-video-shortcode\" id=\"video-4984-1\" width=\"1400\" height=\"788\" preload=\"metadata\" controls=\"controls\"><source type=\"video\/mp4\" src=\"https:\/\/www.rhythmixx.ch\/wp-content\/uploads\/2020\/11\/IMG_8106.mp4?_=1\" \/><a href=\"https:\/\/www.rhythmixx.ch\/wp-content\/uploads\/2020\/11\/IMG_8106.mp4\">https:\/\/www.rhythmixx.ch\/wp-content\/uploads\/2020\/11\/IMG_8106.mp4<\/a><\/video><\/div>\n[\/vc_column_text][vc_row_inner css=&#8221;.vc_custom_1619174639088{padding-top: 100px !important;padding-bottom: -50px !important;}&#8221;][vc_column_inner width=&#8221;1\/6&#8243;][\/vc_column_inner][vc_column_inner width=&#8221;2\/3&#8243;][vc_column_text]\n<h2 style=\"text-align: center;\"><strong>\u201cMoving water absorbs new information.\u201d<\/strong><\/h2>\n<p style=\"text-align: center;\">Theodor Schwenk<\/p>\n[\/vc_column_text][\/vc_column_inner][vc_column_inner width=&#8221;1\/6&#8243;][\/vc_column_inner][\/vc_row_inner][\/vc_column][\/vc_row][vc_row css=&#8221;.vc_custom_1605691054342{margin-top: 80px !important;margin-bottom: 120px !important;}&#8221; el_class=&#8221;about-middle&#8221;][vc_column width=&#8221;1\/6&#8243;][\/vc_column][vc_column width=&#8221;2\/3&#8243;][vc_column_text]\n<h3 style=\"text-align: left;\">Synchronizing the vibration<\/h3>\n<p style=\"text-align: left;\">By rhythmizing water with the hand-operated Rhythmixx you not only increase the energy of the water and the efficacy of the nutrients contained in it. Rhythmizing also results in an interaction between consumer and product by aligning the vibrational field between subject and object. Health and well-being are fundamentally based on your harmonious vibrating with the universe. In that case the universal life energy can fully pervade your body and live it. Health is participation and sharing, disease arises from separation and being shut off. (On the webpage <a href=\"https:\/\/www.rhythmixx.ch\/en\/rhythmisieren\/rhythm-is-energy\/\">\u201cRhythm is energy\u201d<\/a> you can learn more about how quantum physics are the foundation of our \u201cVibration Theory\u201d).<\/p>\n[\/vc_column_text][\/vc_column][vc_column width=&#8221;1\/6&#8243;][\/vc_column][\/vc_row][vc_row css=&#8221;.vc_custom_1634793869783{margin-bottom: 90px !important;background-image: url(https:\/\/www.rhythmixx.ch\/wp-content\/uploads\/2020\/10\/rhythmixx-wasser-rhythmisieren-banner-quer-rossa.jpg?id=3382) !important;background-position: center !important;background-repeat: no-repeat !important;background-size: cover !important;}&#8221;][vc_column][vc_column_text]\n<h4><\/h4>\n<h4><\/h4>\n<h4><\/h4>\n<h4><\/h4>\n<h4><\/h4>\n<h4><\/h4>\n<h4><\/h4>\n<h4><\/h4>\n<h4><\/h4>\n<h4><\/h4>\n<p>&nbsp;<\/p>\n<p>&nbsp;<\/p>\n<p>&nbsp;<\/p>\n<p>&nbsp;<\/p>\n<p>&nbsp;<\/p>\n<p>&nbsp;<\/p>\n<p>&nbsp;<\/p>\n<h4><\/h4>\n<p>&nbsp;<\/p>\n<p>&nbsp;<\/p>\n<p>&nbsp;<\/p>\n<p>&nbsp;<\/p>\n<p>&nbsp;<\/p>\n<p>&nbsp;<\/p>\n<p>&nbsp;<\/p>\n<p>&nbsp;<\/p>\n<p>&nbsp;<\/p>\n<p>&nbsp;<\/p>\n<p>&nbsp;<\/p>\n<p>&nbsp;<\/p>\n<p>&nbsp;<\/p>\n[\/vc_column_text][\/vc_column][\/vc_row][vc_row css=&#8221;.vc_custom_1603355609284{margin-top: 80px !important;margin-bottom: 60px !important;}&#8221; el_class=&#8221;about-middle&#8221;][vc_column width=&#8221;1\/6&#8243;][\/vc_column][vc_column width=&#8221;2\/3&#8243;][vc_column_text][\/vc_column_text][\/vc_column][vc_column width=&#8221;1\/6&#8243;][\/vc_column][\/vc_row][vc_row css=&#8221;.vc_custom_1605690558095{margin-top: 90px !important;margin-bottom: 60px !important;padding-top: 8em !important;padding-bottom: 8em !important;background-color: #79f0b0 !important;}&#8221; el_class=&#8221;video&#8221;][vc_column width=&#8221;1\/6&#8243;][vc_column_text]\n<p>&nbsp;<\/p>\n<p>&nbsp;<\/p>\n<p>&nbsp;<\/p>\n<p>&nbsp;<\/p>\n<p>&nbsp;<\/p>\n[\/vc_column_text][\/vc_column][vc_column width=&#8221;2\/3&#8243;]\t<div class=\"mailchimpform \">\n\t\t\t\t<h3>Sign up for the Rhythmixx newsletter!<\/h3>\n\t\t\t\t\t\t<div class=\"short_text\">Abonnieren Sie unseren Rundbrief! Sie erhalten wertvolle Tipps und Neuigkeiten rund um das Rhythmisieren. Wir informieren Sie in unregelm\u00e4\u00dfigen Abst\u00e4nden u. a. \u00fcber Neuigkeiten aus der Forschung und \u00fcber Erfahrungsberichte von Anwendern.<\/div>\n\t\t\t\t<script>(function() {\n\twindow.mc4wp = window.mc4wp || {\n\t\tlisteners: [],\n\t\tforms: {\n\t\t\ton: function(evt, cb) {\n\t\t\t\twindow.mc4wp.listeners.push(\n\t\t\t\t\t{\n\t\t\t\t\t\tevent   : evt,\n\t\t\t\t\t\tcallback: cb\n\t\t\t\t\t}\n\t\t\t\t);\n\t\t\t}\n\t\t}\n\t}\n})();\n<\/script><!-- Mailchimp for WordPress v4.9.11 - https:\/\/wordpress.org\/plugins\/mailchimp-for-wp\/ --><form id=\"mc4wp-form-1\" class=\"mc4wp-form mc4wp-form-235 mc4wp-ajax\" method=\"post\" data-id=\"235\" data-name=\"Melden Sie sich zum Rhythmixx Newsletter an!\" ><div class=\"mc4wp-form-fields\"><p>\r\n    <label>E-Mail-Adresse<\/label>\r\n    <input type=\"email\" name=\"EMAIL\" placeholder=\"Ihre E-Mail\"\r\n    required=\"\">\r\n<\/p>\r\n\r\n\r\n<p>\r\n\t<input type=\"submit\" value=\"Senden\" \/>\r\n<\/p><\/div><label style=\"display: none !important;\">Leave this field empty if you're human: <input type=\"text\" name=\"_mc4wp_honeypot\" value=\"\" tabindex=\"-1\" autocomplete=\"off\" \/><\/label><input type=\"hidden\" name=\"_mc4wp_timestamp\" value=\"1777590305\" \/><input type=\"hidden\" name=\"_mc4wp_form_id\" value=\"235\" \/><input type=\"hidden\" name=\"_mc4wp_form_element_id\" value=\"mc4wp-form-1\" \/><div class=\"mc4wp-response\"><\/div><\/form><!-- \/ Mailchimp for WordPress Plugin -->\t\t\n\n\t<\/div>\n\t[\/vc_column][vc_column width=&#8221;1\/6&#8243;][\/vc_column][\/vc_row][vc_row][vc_column width=&#8221;1\/12&#8243;][\/vc_column][vc_column width=&#8221;5\/6&#8243;][vc_row_inner][vc_column_inner width=&#8221;1\/3&#8243;][vc_single_image image=&#8221;4742&#8243; img_size=&#8221;full&#8221; onclick=&#8221;custom_link&#8221; link=&#8221;https:\/\/www.rhythmixx.ch\/en\/rhythmisieren\/rhythm-is-energy\/natural-movement\/&#8221;][vc_column_text]\n<h4><a href=\"https:\/\/www.rhythmixx.ch\/en\/rhythmisieren\/rhythm-is-energy\/natural-movement\/\">WHY RHYTHMIZE?<\/a><\/h4>\n<p>Join us for a short crash course in reality-philosophy! Discover why you are sometimes in the wrong rhythm and learn how to get back into the right rhythm.[\/vc_column_text][\/vc_column_inner][vc_column_inner width=&#8221;1\/3&#8243;][vc_single_image image=&#8221;4910&#8243; img_size=&#8221;full&#8221; onclick=&#8221;custom_link&#8221; link=&#8221;https:\/\/www.rhythmixx.ch\/en\/rhythmisieren\/rhythm-is-energy\/natural-movement\/&#8221;][vc_column_text]\n<h4><a href=\"https:\/\/www.rhythmixx.ch\/en\/rhythmisieren\/rhythm-is-energy\/natural-movement\/\">RHYTHM AS NATURAL MOVEMENT<\/a><\/h4>\n<p>Join us for a short crash course in reality-philosophy! Discover why you are sometimes in the wrong rhythm and learn how to get back into the right rhythm.[\/vc_column_text][\/vc_column_inner][vc_column_inner width=&#8221;1\/3&#8243;][vc_single_image image=&#8221;4739&#8243; img_size=&#8221;full&#8221; onclick=&#8221;custom_link&#8221; link=&#8221;https:\/\/www.rhythmixx.ch\/rhythmisieren\/rhythmus-ist-energie\/rhytmisieren-mit-der-rhytmixx\/&#8221;][vc_column_text]\n<h4><a href=\"https:\/\/www.rhythmixx.ch\/en\/rhythmisieren\/rhythm-is-energy\/rhythmizing-with-the-rhythmixx\/\">RHYTHMIZING WITH THE RHYTHMIXX<\/a><\/h4>\n<p>Get to know how the Rhythmixx works and understand the movement sequences of the Rhythmixx. Discover your own rhythm![\/vc_column_text][\/vc_column_inner][\/vc_row_inner][\/vc_column][vc_column width=&#8221;1\/12&#8243;][\/vc_column][\/vc_row]\n","protected":false},"excerpt":{"rendered":"<p>[vc_row full_width=&#8221;stretch_row_content_no_spaces&#8221; fullwidth=&#8221;1&#8243; css=&#8221;.vc_custom_1533093805104{padding-bottom: 10px !important;background-position: center !important;background-repeat: no-repeat !important;background-size: cover !important;}&#8221; el_class=&#8221;about-top&#8221;][vc_column][vc_single_image image=&#8221;4758&#8243; img_size=&#8221;full&#8221; css_animation=&#8221;fadeIn&#8221;][\/vc_column][\/vc_row][vc_row css=&#8221;.vc_custom_1607002304202{margin-bottom: 20px !important;}&#8221; el_class=&#8221;about-middle&#8221;][vc_column width=&#8221;1\/6&#8243;][\/vc_column][vc_column width=&#8221;2\/3&#8243;][vc_column_text] Rhythmizing water &nbsp; Why you should rhythmise tap water Water is more than just a liquid \u2013 it &hellip;<\/p>\n","protected":false},"author":1,"featured_media":0,"parent":4976,"menu_order":3,"comment_status":"closed","ping_status":"closed","template":"page-templates\/page-template.php","meta":{"footnotes":""},"_links":{"self":[{"href":"https:\/\/www.rhythmixx.ch\/en\/wp-json\/wp\/v2\/pages\/4984"}],"collection":[{"href":"https:\/\/www.rhythmixx.ch\/en\/wp-json\/wp\/v2\/pages"}],"about":[{"href":"https:\/\/www.rhythmixx.ch\/en\/wp-json\/wp\/v2\/types\/page"}],"author":[{"embeddable":true,"href":"https:\/\/www.rhythmixx.ch\/en\/wp-json\/wp\/v2\/users\/1"}],"replies":[{"embeddable":true,"href":"https:\/\/www.rhythmixx.ch\/en\/wp-json\/wp\/v2\/comments?post=4984"}],"version-history":[{"count":17,"href":"https:\/\/www.rhythmixx.ch\/en\/wp-json\/wp\/v2\/pages\/4984\/revisions"}],"predecessor-version":[{"id":5548,"href":"https:\/\/www.rhythmixx.ch\/en\/wp-json\/wp\/v2\/pages\/4984\/revisions\/5548"}],"up":[{"embeddable":true,"href":"https:\/\/www.rhythmixx.ch\/en\/wp-json\/wp\/v2\/pages\/4976"}],"wp:attachment":[{"href":"https:\/\/www.rhythmixx.ch\/en\/wp-json\/wp\/v2\/media?parent=4984"}],"curies":[{"name":"wp","href":"https:\/\/api.w.org\/{rel}","templated":true}]}}