{"id":4976,"date":"2020-10-15T16:37:19","date_gmt":"2020-10-15T14:37:19","guid":{"rendered":"https:\/\/rhythmixx.novatask.biz\/rhythm-is-energy\/"},"modified":"2024-02-09T18:09:53","modified_gmt":"2024-02-09T17:09:53","slug":"rhythm-is-energy","status":"publish","type":"page","link":"https:\/\/www.rhythmixx.ch\/en\/rhythmisieren\/rhythm-is-energy\/","title":{"rendered":"Rhythm is energy"},"content":{"rendered":"[vc_row full_width=&#8221;stretch_row_content_no_spaces&#8221; fullwidth=&#8221;1&#8243; css=&#8221;.vc_custom_1634716480637{padding-top: 28vh !important;padding-bottom: 29vh !important;background-image: url(https:\/\/www.rhythmixx.ch\/wp-content\/uploads\/2020\/10\/rhythmixx-renaturieren-rhythmisieren-fliessen.jpg?id=3279) !important;background-position: center !important;background-repeat: no-repeat !important;background-size: cover !important;}&#8221; el_class=&#8221;about-top&#8221;][vc_column][vc_column_text]\n<h2 style=\"text-align: center;\">Rhythm is energy<\/h2>\n[\/vc_column_text][\/vc_column][\/vc_row][vc_row css=&#8221;.vc_custom_1603317172172{padding-top: 5% !important;}&#8221; el_class=&#8221;about-middle&#8221;][vc_column width=&#8221;1\/4&#8243;][\/vc_column][vc_column width=&#8221;1\/2&#8243;][vc_column_text]\n<h2 style=\"text-align: left;\">The World Is Rhythm<\/h2>\n<p>&nbsp;<\/p>\n<p style=\"text-align: left;\">Water is an essential part of all rhythmic life processes. When water is moving, it takes on the vibratory information of the environment. ecause of that inherent capability, it is changing its quality constantly. In nature, water moves all the time. In man-made products it comes to a standstill and is no longer alive and changing. When water does not move it loses its inner structure and energy. By rhythmizing the water becomes alive again and regains its natural energy and power.<\/p>\n[\/vc_column_text][\/vc_column][vc_column width=&#8221;1\/4&#8243;][\/vc_column][\/vc_row][vc_row fullwidth=&#8221;1&#8243; css=&#8221;.vc_custom_1603126717817{margin-top: 8em !important;margin-bottom: 8em !important;}&#8221;][vc_column width=&#8221;1\/12&#8243;][\/vc_column][vc_column width=&#8221;5\/6&#8243;][vc_column_text]\n<h2 style=\"text-align: center;\">Dive into the world of rhythm!<\/h2>\n[\/vc_column_text][vc_row_inner][vc_column_inner width=&#8221;1\/2&#8243; css=&#8221;.vc_custom_1603126428700{margin-top: 4em !important;margin-right: 5% !important;margin-bottom: 2em !important;margin-left: 5% !important;}&#8221;][vc_single_image image=&#8221;4742&#8243; img_size=&#8221;full&#8221; onclick=&#8221;custom_link&#8221; link=&#8221;https:\/\/www.rhythmixx.ch\/rhythmisieren\/rhythmus-ist-energie\/warum-rhythmisieren\/&#8221;][vc_column_text]\n<h4><a href=\"https:\/\/www.rhythmixx.ch\/en\/rhythmisieren\/rhythm-is-energy\/natural-movement\/\">WARUM RHYTHMISIEREN?<\/a><\/h4>\n<p>Folgen Sie uns zu einem kleinen Crash-Kurs in Wirklichkeitsphilosophie, entdecken Sie, warum Sie sich manchmal im falschen Rhythmus befinden und lernen Sie verstehen, wie Sie wieder in den richtigen Rhythmus kommen.[\/vc_column_text][\/vc_column_inner][vc_column_inner width=&#8221;1\/2&#8243; css=&#8221;.vc_custom_1603126439532{margin-top: 4em !important;margin-right: 5% !important;margin-bottom: 2em !important;margin-left: 5% !important;}&#8221;][vc_single_image image=&#8221;4910&#8243; img_size=&#8221;full&#8221; onclick=&#8221;custom_link&#8221; link=&#8221;https:\/\/www.rhythmixx.ch\/rhythmisieren\/rhythmus-ist-energie\/natuerliche-bewegung\/https:\/\/www.rhythmixx.ch\/rhythmisieren\/rhythmus-ist-energie\/natuerliche-bewegung\/https:\/\/www.rhythmixx.ch\/rhythmisieren\/rhythmus-ist-energie\/natuerliche-bewegung\/https:\/\/www.rhythmixx.ch\/rhythmisieren\/rhythmus-ist-energie\/natuerliche-bewegung\/https:\/\/www.rhythmixx.ch\/rhythmisieren\/rhythmus-ist-energie\/natuerliche-bewegung\/https:\/\/www.rhythmixx.ch\/rhythmisieren\/rhythmus-ist-energie\/natuerliche-bewegung\/https:\/\/www.rhythmixx.ch\/rhythmisieren\/rhythmus-ist-energie\/natuerliche-bewegung\/https:\/\/www.rhythmixx.ch\/rhythmisieren\/rhythmus-ist-energie\/natuerliche-bewegung\/https:\/\/www.rhythmixx.ch\/rhythmisieren\/rhythmus-ist-energie\/natuerliche-bewegung\/https:\/\/www.rhythmixx.ch\/rhythmisieren\/rhythmus-ist-energie\/natuerliche-bewegung\/&#8221;][vc_column_text]\n<h4><a href=\"https:\/\/www.rhythmixx.ch\/en\/rhythmisieren\/rhythm-is-energy\/natural-movement\/\">RHYTHMUS ALS NAT\u00dcRLICHE BEWEGUNG<\/a><\/h4>\n<p>Der besondere Bewegungsablauf der Rhythmixx ahmt die Bewegungsformen des Wassers in der Natur nach. Entdecken Sie, wie die Rhythmixx Ihnen hilft, sich wieder mit der Natur zu verbinden.[\/vc_column_text][\/vc_column_inner][\/vc_row_inner][vc_row_inner][vc_column_inner width=&#8221;1\/2&#8243; css=&#8221;.vc_custom_1603126428700{margin-top: 4em !important;margin-right: 5% !important;margin-bottom: 2em !important;margin-left: 5% !important;}&#8221;][vc_single_image image=&#8221;4740&#8243; img_size=&#8221;full&#8221; onclick=&#8221;custom_link&#8221; link=&#8221;https:\/\/www.rhythmixx.ch\/rhythmisieren\/rhythmus-ist-energie\/wasser-rhythmisieren\/&#8221;][vc_column_text]\n<h4><a href=\"https:\/\/www.rhythmixx.ch\/en\/rhythmisieren\/rhythm-is-energy\/rhythmizing-water\/\">WASSER RHYTHMISIEREN<\/a><\/h4>\n<p>Wasser ist nicht gleich Wasser. Was bei Ihnen aus der Leitung kommt, kann in seiner gesunden Wirksamkeit noch wesentlich gesteigert werden. Hier erfahren Sie, warum Sie Ihr Trinkwasser rhythmisieren sollten.[\/vc_column_text][\/vc_column_inner][vc_column_inner width=&#8221;1\/2&#8243; css=&#8221;.vc_custom_1603126439532{margin-top: 4em !important;margin-right: 5% !important;margin-bottom: 2em !important;margin-left: 5% !important;}&#8221;][vc_single_image image=&#8221;4739&#8243; img_size=&#8221;full&#8221; onclick=&#8221;custom_link&#8221; link=&#8221;https:\/\/www.rhythmixx.ch\/rhythmisieren\/rhythmus-ist-energie\/rhytmisieren-mit-der-rhytmixx\/&#8221;][vc_column_text]\n<h4><a href=\"https:\/\/www.rhythmixx.ch\/rhythmisieren\/rhythmus-ist-energie\/rhytmisieren-mit-der-rhytmixx\/\">RHYTHMISIEREN MIT DER RHYTHMIXX<\/a><\/h4>\n<p>Lernen Sie die Funktionsweise des Inversionsmischers kennen und seine Bewegungsabl\u00e4ufe verstehen. Entdecken Sie den idealen Rhythmus beim Rhythmisieren und wie Sie Ihren fl\u00fcssigen und festen Lebensmitteln die optimale Energie zuf\u00fchren k\u00f6nnen.[\/vc_column_text][\/vc_column_inner][\/vc_row_inner][\/vc_column][vc_column width=&#8221;1\/12&#8243;][\/vc_column][\/vc_row][vc_row full_width=&#8221;stretch_row_content_no_spaces&#8221; fullwidth=&#8221;1&#8243; css=&#8221;.vc_custom_1605545215990{margin-top: -40px !important;padding-bottom: 2% !important;background-position: center !important;background-repeat: no-repeat !important;background-size: cover !important;}&#8221; el_class=&#8221;about-top&#8221;][vc_column][vc_single_image image=&#8221;4911&#8243; img_size=&#8221;full&#8221;][\/vc_column][\/vc_row][vc_row el_class=&#8221;about-middle&#8221; css=&#8221;.vc_custom_1603343535189{padding-top: 4% !important;}&#8221;][vc_column width=&#8221;1\/4&#8243;][\/vc_column][vc_column width=&#8221;1\/2&#8243;][vc_column_text]\n<h2 style=\"text-align: center;\">Rhythm is VARIETY<\/h2>\n<p>&nbsp;<\/p>\n<p style=\"text-align: center;\">Liquid foods and dry mixtures, drinking water and fluid doughs, cold and hot beverages \u2013 the applications of the Rhythmixx are manifold. And the Rhythmixx is not only blending and merging. By rhythmizing the digestibility of foods is improved, the durability is prolonged, and efficiency and enjoyment are increased.<\/p>\n[\/vc_column_text][\/vc_column][vc_column width=&#8221;1\/4&#8243;][\/vc_column][\/vc_row][vc_row fullwidth=&#8221;1&#8243; css=&#8221;.vc_custom_1605688924806{margin-top: 8em !important;padding-top: -2% !important;}&#8221;][vc_column width=&#8221;1\/12&#8243;][\/vc_column][vc_column width=&#8221;5\/6&#8243;][vc_row_inner][vc_column_inner width=&#8221;1\/3&#8243; css=&#8221;.vc_custom_1603126428700{margin-top: 4em !important;margin-right: 5% !important;margin-bottom: 2em !important;margin-left: 5% !important;}&#8221;][vc_single_image image=&#8221;4806&#8243; img_size=&#8221;full&#8221; onclick=&#8221;custom_link&#8221; link=&#8221;https:\/\/www.rhythmixx.ch\/rhythmisieren\/anwendung\/fluessige-lebensmittel\/&#8221;][vc_column_text]\n<h4><a href=\"https:\/\/www.rhythmixx.ch\/en\/rhythmisieren\/overview-of-applications\/liquid-foods\/\">FL\u00dcSSIGE LEBENSMITTEL<\/a><\/h4>\n<p>Lernen Sie das breite Wirkungsfeld der Rhythmixx kennen! Es erstreckt sich von Wasser, Erfrischungsgetr\u00e4nken, Vitalstoff-Cocktails, S\u00e4ften, Smoothies, Pflanzendrinks, Proteinshakes, Rotwein bis hin zu Saucen, \u00d6len und Fertigsuppen.[\/vc_column_text][\/vc_column_inner][vc_column_inner width=&#8221;1\/3&#8243; css=&#8221;.vc_custom_1603126439532{margin-top: 4em !important;margin-right: 5% !important;margin-bottom: 2em !important;margin-left: 5% !important;}&#8221;][vc_single_image image=&#8221;4913&#8243; img_size=&#8221;full&#8221; onclick=&#8221;custom_link&#8221; link=&#8221;https:\/\/www.rhythmixx.ch\/rhythmisieren\/anwendung\/butterherstellung\/&#8221;][vc_column_text]\n<h4><a href=\"https:\/\/www.rhythmixx.ch\/rhythmisieren\/anwendung\/butterherstellung\/\">BUTTER UND SCHOKOLADE<\/a><\/h4>\n<p>Dank eines harmonischen, auf den Bewegungen der Natur basierenden Vermischens erreichen Sie bei der Herstellung von Milchprodukten \u2013 wie zum Beispiel Butter und Schokolade \u2013 eine besondere Cremigkeit und ein zartes Mundgef\u00fchl. Hier erfahren Sie, worauf es beim Rhythmisieren von Buttermilch, Sahnebutter, Kr\u00e4uterbutter, Kakaobutter und Schokocremes ankommt.[\/vc_column_text][\/vc_column_inner][vc_column_inner width=&#8221;1\/3&#8243; css=&#8221;.vc_custom_1603126450020{margin-top: 4em !important;margin-right: 5% !important;margin-bottom: 2em !important;margin-left: 5% !important;}&#8221;][vc_single_image image=&#8221;4914&#8243; img_size=&#8221;full&#8221; onclick=&#8221;custom_link&#8221; link=&#8221;https:\/\/www.rhythmixx.ch\/rhythmisieren\/anwendung\/trockenmischungen\/&#8221;][vc_column_text]\n<h4><a href=\"https:\/\/www.rhythmixx.ch\/en\/rhythmisieren\/overview-of-applications\/dry-mixtures\/\">TROCKENMISCHUNGEN<\/a><\/h4>\n<p>Auf Grund ihrer F\u00e4higkeit, sehr fein zu vermischen, eignet sich die Rhythmixx ideal zur Gew\u00fcrz- und Pulverherstellung sowie zum homogenen Vermengen von Mehlen.[\/vc_column_text][\/vc_column_inner][\/vc_row_inner][\/vc_column][vc_column width=&#8221;1\/12&#8243;][\/vc_column][\/vc_row][vc_row fullwidth=&#8221;1&#8243; css=&#8221;.vc_custom_1605688917755{margin-bottom: 8em !important;padding-top: -3% !important;}&#8221;][vc_column width=&#8221;1\/12&#8243;][\/vc_column][vc_column width=&#8221;5\/6&#8243;][vc_row_inner][vc_column_inner width=&#8221;1\/3&#8243; css=&#8221;.vc_custom_1603126428700{margin-top: 4em !important;margin-right: 5% !important;margin-bottom: 2em !important;margin-left: 5% !important;}&#8221;][vc_single_image image=&#8221;4809&#8243; img_size=&#8221;full&#8221; onclick=&#8221;custom_link&#8221; link=&#8221;https:\/\/www.rhythmixx.ch\/rhythmisieren\/anwendung\/teige\/&#8221;][vc_column_text]\n<h4><a href=\"https:\/\/www.rhythmixx.ch\/en\/rhythmisieren\/overview-of-applications\/doughs\/\">TEIGE<\/a><\/h4>\n<p>Das Rhythmisieren von Teigen zur Herstellung von Broten, Brioches, Cr\u00e8pes und Waffeln optimiert die Qualit\u00e4t, denn Produkte aus rhythmisierten Teigen entfalten einen volleren Geschmack und sind bek\u00f6mmlicher.[\/vc_column_text][\/vc_column_inner][vc_column_inner width=&#8221;1\/3&#8243; css=&#8221;.vc_custom_1603126439532{margin-top: 4em !important;margin-right: 5% !important;margin-bottom: 2em !important;margin-left: 5% !important;}&#8221;][vc_single_image image=&#8221;4912&#8243; img_size=&#8221;full&#8221; onclick=&#8221;custom_link&#8221; link=&#8221;https:\/\/www.rhythmixx.ch\/rhythmisieren\/anwendung\/pflege-schoenheit\/&#8221;][vc_column_text]\n<h4><a href=\"https:\/\/www.rhythmixx.ch\/en\/rhythmisieren\/overview-of-applications\/care-beauty\/\">PFLEGE &amp; SCH\u00d6NHEIT<\/a><\/h4>\n<p>Nicht nur Lebensmittel, sondern auch Pflege- und Sch\u00f6nheitsprodukte wie Massage-\u00d6le, Haarpflege-Produkte und Cold-Cremes werden durch das Rhythmisieren veredelt und im Wert gesteigert.[\/vc_column_text][\/vc_column_inner][vc_column_inner width=&#8221;1\/3&#8243; css=&#8221;.vc_custom_1603126450020{margin-top: 4em !important;margin-right: 5% !important;margin-bottom: 2em !important;margin-left: 5% !important;}&#8221;][vc_single_image image=&#8221;4807&#8243; img_size=&#8221;full&#8221; onclick=&#8221;custom_link&#8221; link=&#8221;https:\/\/www.rhythmixx.ch\/rhythmisieren\/anwendung\/pharmazie\/&#8221;][vc_column_text]\n<h4><a href=\"https:\/\/www.rhythmixx.ch\/en\/rhythmisieren\/overview-of-applications\/pharmacy\/\">PHARMAZIE<\/a><\/h4>\n<p>F\u00fcr Apotheken kann die Rhythmixx zur Aktivierung von Pflanzentinkturen eingesetzt werden, um deren Lebensenergie zu wecken. Auf diese Weise k\u00f6nnen diese eine Wirkung entfalten, wie sie Frischpflanzen-Tinkturen zugeschrieben werden.[\/vc_column_text][\/vc_column_inner][\/vc_row_inner][\/vc_column][vc_column width=&#8221;1\/12&#8243;][\/vc_column][\/vc_row]\n","protected":false},"excerpt":{"rendered":"<p>[vc_row full_width=&#8221;stretch_row_content_no_spaces&#8221; fullwidth=&#8221;1&#8243; css=&#8221;.vc_custom_1634716480637{padding-top: 28vh !important;padding-bottom: 29vh !important;background-image: url(https:\/\/www.rhythmixx.ch\/wp-content\/uploads\/2020\/10\/rhythmixx-renaturieren-rhythmisieren-fliessen.jpg?id=3279) !important;background-position: center !important;background-repeat: no-repeat !important;background-size: cover !important;}&#8221; el_class=&#8221;about-top&#8221;][vc_column][vc_column_text] Rhythm is energy [\/vc_column_text][\/vc_column][\/vc_row][vc_row css=&#8221;.vc_custom_1603317172172{padding-top: 5% !important;}&#8221; el_class=&#8221;about-middle&#8221;][vc_column width=&#8221;1\/4&#8243;][\/vc_column][vc_column width=&#8221;1\/2&#8243;][vc_column_text] The World Is Rhythm &nbsp; Water is an essential part of all rhythmic &hellip;<\/p>\n","protected":false},"author":1,"featured_media":0,"parent":5147,"menu_order":1,"comment_status":"closed","ping_status":"closed","template":"page-templates\/page-template.php","meta":{"footnotes":""},"_links":{"self":[{"href":"https:\/\/www.rhythmixx.ch\/en\/wp-json\/wp\/v2\/pages\/4976"}],"collection":[{"href":"https:\/\/www.rhythmixx.ch\/en\/wp-json\/wp\/v2\/pages"}],"about":[{"href":"https:\/\/www.rhythmixx.ch\/en\/wp-json\/wp\/v2\/types\/page"}],"author":[{"embeddable":true,"href":"https:\/\/www.rhythmixx.ch\/en\/wp-json\/wp\/v2\/users\/1"}],"replies":[{"embeddable":true,"href":"https:\/\/www.rhythmixx.ch\/en\/wp-json\/wp\/v2\/comments?post=4976"}],"version-history":[{"count":12,"href":"https:\/\/www.rhythmixx.ch\/en\/wp-json\/wp\/v2\/pages\/4976\/revisions"}],"predecessor-version":[{"id":5279,"href":"https:\/\/www.rhythmixx.ch\/en\/wp-json\/wp\/v2\/pages\/4976\/revisions\/5279"}],"up":[{"embeddable":true,"href":"https:\/\/www.rhythmixx.ch\/en\/wp-json\/wp\/v2\/pages\/5147"}],"wp:attachment":[{"href":"https:\/\/www.rhythmixx.ch\/en\/wp-json\/wp\/v2\/media?parent=4976"}],"curies":[{"name":"wp","href":"https:\/\/api.w.org\/{rel}","templated":true}]}}